{"id":5,"date":"2021-05-04T06:48:36","date_gmt":"2021-05-04T06:48:36","guid":{"rendered":"https:\/\/sfbs.se\/index.php\/mesmerize\/"},"modified":"2025-11-19T08:20:25","modified_gmt":"2025-11-19T08:20:25","slug":"mesmerize","status":"publish","type":"page","link":"https:\/\/sfbs.se\/","title":{"rendered":"Front Page"},"content":{"rendered":"<p >&nbsp;<\/p><div  id=\"features-1\" class=\"features-16 content-section content-section-spacing\" style=\"background-color: #ffffff; background-image: none;\" data-label=\"Features\" data-id=\"features--1\" data-export-id=\"features-16\" data-category=\"features\">\n<div  class=\"gridContainer\">\n<div  class=\"row text-center\">\n<div  class=\"section-title-col\" data-type=\"column\">&nbsp;<\/div>\n<\/div>\n<div  class=\"row spaced-cols center-sm\" data-type=\"row\">\n<div  class=\"col-xs-12 col-sm-6 col-md-4 space-bottom\"><img decoding=\"async\"  class=\"face\" title=\"cropped-cropped-cropped-stad-1.png\" src=\"https:\/\/sfbs.se\/wp-content\/uploads\/2021\/01\/cropped-cropped-cropped-stad-1.png\" alt=\"\">\n<p >&nbsp;<\/p>\n<div  class=\"col-padding-small col-padding-small-xs description-container\" data-type=\"column\">&nbsp;<\/div>\n<\/div>\n<div  class=\"col-xs-12 col-sm-6 col-md-4 space-bottom\">\n<div  class=\"col-padding-small col-padding-small-xs description-container\" data-type=\"column\">\n<h2  class=\"\">Vi gillar dig<\/h2>\n<p  class=\"lead\">D\u00e4rf\u00f6r vill vi erbjuda en prova-p\u00e5-st\u00e4dning f\u00f6r endast 190 kr\/tim, efter RUT-avdrag.<br >H\u00f6r av dig till oss p\u00e5 018-24 88 68 eller projekt@sfbs.se<br >S\u00e5 f\u00e5r vi se om du gillar oss ocks\u00e5.<\/p>\n<\/div>\n<\/div>\n<div  class=\"col-xs-12 col-sm-6 col-md-4 space-bottom\"><img decoding=\"async\"  class=\"face\" title=\"cropped-cropped-cropped-cropped-stad-2.png\" src=\"https:\/\/sfbs.se\/wp-content\/uploads\/2021\/01\/cropped-cropped-cropped-cropped-stad-2.png\" alt=\"\">\n<p >&nbsp;<\/p>\n<div  class=\"col-padding-small col-padding-small-xs description-container\" data-type=\"column\">&nbsp;<\/div>\n<\/div>\n<\/div>\n<\/div>\n<\/div><div  id=\"overlappable-4\" class=\"overlappable-4 content-section content-section-spacing\" style=\"background-color: #ffffff;\" data-label=\"Overlappable\" data-id=\"overlappable-4\" data-export-id=\"overlappable-4\" data-category=\"overlappable\" data-overlap=\"true\">\n<div  class=\"gridContainer\">\n<div  class=\"row spaced-cols text-center\" data-type=\"row\">\n<div  class=\"col-xs-12 col-sm-4 col-padding\"><i  class=\"fa icon fa-clone large shadow-large-black round aligncenter reverse color1\"><\/i>\n<p >&nbsp;<\/p>\n<p >&nbsp;<\/p>\n<div  class=\"\" data-type=\"column\">\n<h5  class=\"\">ANALYS<\/h5>\n<p  class=\"\">Vi g\u00e5r igenom era behov och arbetar d\u00e4refter fr\u00e5n fastst\u00e4llda riktlinjer f\u00f6r att ge dig b\u00e4sta resultat.<\/p>\n<\/div>\n<\/div>\n<div  class=\"col-xs-12 col-sm-4 col-padding\"><i  class=\"fa icon fa-cogs large shadow-large-black round aligncenter reverse color1\"><\/i>\n<p >&nbsp;<\/p>\n<p >&nbsp;<\/p>\n<div  class=\"\" data-type=\"column\">\n<h5  class=\"\">ANSVARSFULLA<\/h5>\n<p  class=\"\">Vi vill alltid ditt b\u00e4sta. D\u00e4rf\u00f6r utf\u00f6rs v\u00e5ra uppdrag helt enligt r\u00e5dande rekommendationer fr\u00e5n FHS.<\/p>\n<\/div>\n<\/div>\n<div  class=\"col-xs-12 col-sm-4 col-padding\"><i  class=\"fa icon fa-magic large shadow-large-black round aligncenter reverse color1\"><\/i>\n<p >&nbsp;<\/p>\n<p >&nbsp;<\/p>\n<div  class=\"\" data-type=\"column\">\n<h5  class=\"\">V\u00c5R PERSONAL<\/h5>\n<p  class=\"\">Vi bryr oss om v\u00e5r personal. D\u00e4rf\u00f6r har vi kollektivavtal via arbetsgivar-organisationen Almega.<\/p>\n<\/div>\n<\/div>\n<\/div>\n<\/div>\n<\/div><div  id=\"about-1\" class=\"about-10 content-section content-section-spacing\" style=\"background-color: #f5fafd;\" data-label=\"About\" data-id=\"about--2\" data-export-id=\"about-10\" data-category=\"about\">\n<div  class=\"gridContainer\">\n<div  class=\"row middle-sm text-center\">\n<div  class=\"col-sm-5 space-bottom-xs content-column\" data-type=\"column\">\n<h2  class=\"\">Det h\u00e4r \u00e4r<br ><span  style=\"font-family: Playfair Display,sans-serif; font-weight: bold; font-style: italic;\">St\u00e4d &amp; F\u00f6nsterputsbolaget<\/span>&nbsp;<\/h2>\n<p  class=\"\">St\u00e4d &amp; F\u00f6nsterputsbolaget \u00e4r ett modernt st\u00e4df\u00f6retag som erbjuder ett brett urval av professionella st\u00e4dtj\u00e4nster, fr\u00e5n sm\u00e5 uppdrag till helhetsl\u00f6sningar f\u00f6r privatpersoner, f\u00f6retag och offentlig sektor.<\/p>\n<p  class=\"\">V\u00e5r lokala n\u00e4rvaro garanterar snabb personlig service och t\u00e4ta intervaller p\u00e5 uppf\u00f6ljningen av utf\u00f6rda arbeten.<\/p>\n<p  class=\"\">I dag \u00e4r vi 22 anst\u00e4llda och b\u00e5de f\u00f6retagsledning och medarbetare har m\u00e5nga \u00e5rs erfarenhet i branschen och stort kunnande inom st\u00e4d, golvv\u00e5rd, h\u00f6gh\u00f6jdsst\u00e4dning och f\u00f6nsterputs. Givetvis har vi kollektivavtal, med Fastighetsanst\u00e4lldas f\u00f6rbund, via v\u00e5r arbetsgivarorganisation Almega.<\/p>\n<p  class=\"\">&nbsp;<\/p>\n<\/div>\n<div  class=\"col-sm-7 flexbox middle-xs center-xs space-bottom-xs\">\n<div  class=\"overlay-box middle-xs center-xs flexbox\">\n<div  class=\"overlay-box-offset offset-border shadow-medium border-color1 hide-xs\">&nbsp;<\/div>\n<p ><img decoding=\"async\"  class=\"shadow-large\" title=\"cropped-cropped-vacuum-cleaner-268179_1920.jpg\" src=\"https:\/\/sfbs.se\/wp-content\/uploads\/2021\/04\/cropped-cropped-vacuum-cleaner-268179_1920.jpg\" alt=\"\" data-size=\"485x705\"><\/p>\n<\/div>\n<\/div>\n<\/div>\n<\/div>\n<\/div><div  id=\"contact-1\" class=\"contact-1 content-section content-section-spacing white-text\" data-label=\"Contact\" data-id=\"contact-1\" data-export-id=\"contact-1\" data-category=\"contact\" data-parallax-depth=\"20\">\n<div  class=\"gridContainer\">\n<div  class=\"row text-center\">\n<div  class=\"section-title-col\" data-type=\"column\">\n<h2  class=\"\">Vill du ha en offert?<\/h2>\n<p  class=\"lead\">Ber\u00e4tta mer f\u00f6r oss i formul\u00e4ret h\u00e4r under s\u00e5 \u00e5terkommer vi till dig s\u00e5 snart vi har m\u00f6jlighet.<\/p>\n<\/div>\n<\/div>\n<div  class=\"row text-center\">\n<div  class=\"col-xs-12 col-sm-8 col-sm-offset-2 contact-form-wrapper inline-info\">\n<div  class=\"card large-padding\">\n<div  class=\"\" data-content-shortcode=\"mesmerize_contact_form shortcode=&quot;weforms id=&amp;amp;quot;433&amp;amp;quot;&quot;\" data-editable=\"true\">\r\n        \r\n        <form class=\"wpuf-form-add weforms-433  wpuf-style\" action=\"\" method=\"post\"   id=\"\">\r\n\r\n            <ul class=\"wpuf-form form-label-above\">\r\n\r\n                        <li class=\"wpuf-el namn field-size-large\" data-label=\"Namn\">\r\n                    <div class=\"wpuf-label\">\r\n            <label for=\"namn_433\">Namn <span class=\"required\">*<\/span><\/label>\r\n        <\/div>\r\n        \r\n            <div class=\"wpuf-fields\">\r\n                <input\r\n                    class=\"textfield wpuf_namn_433\"\r\n                    id=\"namn_433\"\r\n                    type=\"text\"\r\n                    data-duplicate=\"no\"\r\n                    data-required=\"yes\"\r\n                    data-type=\"text\" name=\"namn\"\r\n                    placeholder=\"\"\r\n                    value=\"\"\r\n                    size=\"40\"\r\n                \/>\r\n\r\n                <span class=\"wpuf-wordlimit-message wpuf-help\"><\/span>\r\n                            <\/div>\r\n                    <\/li>\r\n                <li class=\"wpuf-el e_post field-size-large\" data-label=\"E-post\">\r\n                    <div class=\"wpuf-label\">\r\n            <label for=\"e_post_433\">E-post <span class=\"required\">*<\/span><\/label>\r\n        <\/div>\r\n        \r\n            <div class=\"wpuf-fields\">\r\n                <input\r\n                    id=\"e_post_433\"\r\n                    type=\"email\"\r\n                    class=\"email  wpuf_e_post_433\"\r\n                    data-duplicate=\"\"\r\n                    data-required=\"yes\"\r\n                    data-type=\"email\"\r\n                    name=\"e_post\"\r\n                    placeholder=\"\"\r\n                    value=\"\"\r\n                    size=\"40\"\r\n                    autocomplete=\"email\"\r\n                \/>\r\n                            <\/div>\r\n        <\/li>\r\n                <li class=\"wpuf-el telefon field-size-large\" data-label=\"Telefon\">\r\n                    <div class=\"wpuf-label\">\r\n            <label for=\"telefon_433\">Telefon <span class=\"required\">*<\/span><\/label>\r\n        <\/div>\r\n        \r\n            <div class=\"wpuf-fields\">\r\n                <input\r\n                    class=\"textfield wpuf_telefon_433\"\r\n                    id=\"telefon_433\"\r\n                    type=\"text\"\r\n                    data-duplicate=\"no\"\r\n                    data-required=\"yes\"\r\n                    data-type=\"text\" name=\"telefon\"\r\n                    placeholder=\"\"\r\n                    value=\"\"\r\n                    size=\"40\"\r\n                \/>\r\n\r\n                <span class=\"wpuf-wordlimit-message wpuf-help\"><\/span>\r\n                            <\/div>\r\n                    <\/li>\r\n                <li class=\"wpuf-el adress field-size-large\" data-label=\"Adress\">\r\n                    <div class=\"wpuf-label\">\r\n            <label for=\"adress_433\">Adress <span class=\"required\">*<\/span><\/label>\r\n        <\/div>\r\n                                    <div class=\"wpuf-fields\">\r\n            \r\n                                    <textarea\r\n                        class=\"textareafield  wpuf_adress_433\"\r\n                        id=\"adress_433\"\r\n                        name=\"adress\"\r\n                        data-required=\"yes\"\r\n                        data-type=\"textarea\"\r\n                        placeholder=\"\"\r\n                        rows=\"5\"\r\n                        cols=\"25\"\r\n                    ><\/textarea>\r\n                    <span class=\"wpuf-wordlimit-message wpuf-help\"><\/span>\r\n\r\n                \r\n                        <\/li>\r\n                <li class=\"wpuf-el meddelande__valfritt_ field-size-large\" data-label=\"Meddelande (valfritt)\">\r\n                    <div class=\"wpuf-label\">\r\n            <label for=\"meddelande__valfritt__433\">Meddelande (valfritt)<\/label>\r\n        <\/div>\r\n                                    <div class=\"wpuf-fields\">\r\n            \r\n                                    <textarea\r\n                        class=\"textareafield  wpuf_meddelande__valfritt__433\"\r\n                        id=\"meddelande__valfritt__433\"\r\n                        name=\"meddelande__valfritt_\"\r\n                        data-required=\"no\"\r\n                        data-type=\"textarea\"\r\n                        placeholder=\"\"\r\n                        rows=\"5\"\r\n                        cols=\"25\"\r\n                    ><\/textarea>\r\n                    <span class=\"wpuf-wordlimit-message wpuf-help\"><\/span>\r\n\r\n                \r\n                        <span class=\"wpuf-help\">H\u00e4r kan du ber\u00e4tta mer om dina \u00f6nskem\u00e5l.<\/span>\r\n                <\/li>\r\n                <li class=\"wpuf-el jag__r_intresserad_av_ field-size-large\" data-label=\"Jag \u00e4r intresserad av:\">\r\n                    <div class=\"wpuf-label\">\r\n            <label for=\"jag__r_intresserad_av__433\">Jag \u00e4r intresserad av:<\/label>\r\n        <\/div>\r\n        \r\n                        <div class=\"wpuf-fields\" data-required=\"no\" data-type=\"radio\">\r\n\r\n                                        <label class=\"wpuf-checkbox-block\">\r\n                            <input type=\"checkbox\" class=\"wpuf_jag__r_intresserad_av__433\" name=\"jag__r_intresserad_av_[]\" value=\"f\u00f6nsterputs\" \/>\r\n                            F\u00f6nsterputs                        <\/label>\r\n                                                <label class=\"wpuf-checkbox-block\">\r\n                            <input type=\"checkbox\" class=\"wpuf_jag__r_intresserad_av__433\" name=\"jag__r_intresserad_av_[]\" value=\"st\u00e4dning\" \/>\r\n                            St\u00e4dning                        <\/label>\r\n                                                <label class=\"wpuf-checkbox-block\">\r\n                            <input type=\"checkbox\" class=\"wpuf_jag__r_intresserad_av__433\" name=\"jag__r_intresserad_av_[]\" value=\"golvv\u00e5rd\" \/>\r\n                            Golvv\u00e5rd                        <\/label>\r\n                                                <label class=\"wpuf-checkbox-block\">\r\n                            <input type=\"checkbox\" class=\"wpuf_jag__r_intresserad_av__433\" name=\"jag__r_intresserad_av_[]\" value=\"hush\u00e5llsn\u00e4ra_tj\u00e4nster\" \/>\r\n                            Hush\u00e5llsn\u00e4ra tj\u00e4nster                        <\/label>\r\n                                                <label class=\"wpuf-checkbox-block\">\r\n                            <input type=\"checkbox\" class=\"wpuf_jag__r_intresserad_av__433\" name=\"jag__r_intresserad_av_[]\" value=\"abonnemang_f\u00f6nsterputs\" \/>\r\n                            Abonnemang f\u00f6nsterputs                        <\/label>\r\n                        \r\n                        <span class=\"wpuf-help\">V\u00e4lj ett eller flera alternativ<\/span>\r\n        \r\n            <\/div>\r\n        <\/li>\r\n                <li class=\"wpuf-submit\">\r\n            <div class=\"wpuf-label\">\r\n                &nbsp;\r\n            <\/div>\r\n\r\n            <input type=\"hidden\" id=\"_wpnonce\" name=\"_wpnonce\" value=\"81e0d64764\" \/><input type=\"hidden\" name=\"_wp_http_referer\" value=\"\/index.php\/wp-json\/wp\/v2\/pages\/5\" \/>\r\n            <input type=\"hidden\" name=\"form_id\" value=\"433\">\r\n            <input type=\"hidden\" name=\"page_id\" value=\"5\">\r\n            <input type=\"hidden\" name=\"action\" value=\"weforms_frontend_submit\">\r\n\r\n                            <input type=\"hidden\" name=\"weforms-front-report\" value=\"no\">\r\n            \r\n            \r\n            <input type=\"submit\" class=\"weforms_submit_btn wpuf_submit_433\" name=\"submit\" value=\"Skicka\" \/>\r\n\r\n        <\/li>\r\n                <\/ul>\r\n\r\n        <\/form>\r\n\r\n        <\/div>\n<\/div>\n<\/div>\n<\/div>\n<\/div>\n<\/div><div  id=\"team-1\" class=\"team-2 content-section content-section-spacing\" style=\"background-color: #f5fafd;\" data-label=\"Team\" data-id=\"team--1\" data-export-id=\"team-2\" data-category=\"team\">\n<div  class=\"\">\n<div  class=\"row text-center\">\n<div  class=\"section-title-col\" data-type=\"column\">\n<h2  class=\"\">Kontoret<\/h2>\n<p  class=\"\">&nbsp;<\/p>\n<\/div>\n<\/div>\n<div  class=\"row spaced-cols content-center-sm\" data-type=\"row\">\n<div  class=\"col-sm-6 col-md-4 \">\n<div  class=\"card y-move no-padding bordered\">\n<div  class=\"col-padding-small col-padding-small-xs description-container\" data-type=\"column\">\n<h4  class=\"font-500\">Roger Hagen<\/h4>\n<p  class=\"small\" style=\"font-style: italic;\">\u00c4gare\/ekonomi<\/p>\n<p  class=\"\"><span  style=\"background-color: #f5fafd;\">070 567 44 02<\/span><\/p>\n<p  class=\"\"><a  class=\"link\" href=\"mailto:info@sfbs.se\" target=\"_blank\" rel=\"noopener\" data-cp-link=\"1\">info@sfbs.se<\/a><\/p>\n<div  class=\"social-icons-group\" data-type=\"group\">&nbsp;<\/div>\n<\/div>\n<\/div>\n<\/div>\n<div  class=\"col-sm-6 col-md-4 \">\n<div  class=\"card y-move no-padding bordered\">\n<div  class=\"col-padding-small col-padding-small-xs description-container\" data-type=\"column\">\n<h4  class=\"font-500\">Marita Pettersson<\/h4>\n<p  class=\"small\" style=\"font-style: italic;\">Arbetsledare\/Administration p\u00e5 St\u00e4d<\/p>\n<p  class=\"\">072 572 09 33<\/p>\n<p  class=\"\"><a  class=\"link\" href=\"mailto:projekt@sfbs.se\" target=\"_blank\" rel=\"noopener\" data-cp-link=\"1\">projekt@sfbs.se<\/a><\/p>\n<div  class=\"social-icons-group\" data-type=\"group\">&nbsp;<\/div>\n<\/div>\n<\/div>\n<\/div>\n<div  class=\"col-sm-6 col-md-4 \">\n<div  class=\"card y-move no-padding bordered\">\n<div  class=\"col-padding-small col-padding-small-xs description-container\" data-type=\"column\">\n<h4  class=\"font-500\">Johnny Gustafsson<\/h4>\n<p  class=\"small\" style=\"font-style: italic;\">\u00c4gare\/arbetsledare f\u00f6nsterputs<\/p>\n<p  class=\"\"><span  style=\"background-color: #f5fafd;\">070 567 44 01<\/span><\/p>\n<p  class=\"\"><a  class=\"link\" href=\"mailto:johnny@sfbs.se\" target=\"_blank\" rel=\"noopener\" data-cp-link=\"1\">johnny@sfbs.se<\/a><\/p>\n<div  class=\"social-icons-group\" data-type=\"group\">&nbsp;<\/div>\n<\/div>\n<\/div>\n<\/div>\n<\/div>\n<\/div>\n<\/div><p ><\/p>","protected":false},"excerpt":{"rendered":"<p>&nbsp; &nbsp; &nbsp; &nbsp; Vi gillar dig D\u00e4rf\u00f6r vill vi erbjuda en prova-p\u00e5-st\u00e4dning f\u00f6r endast 190 kr\/tim, efter RUT-avdrag.H\u00f6r av dig till oss p\u00e5 018-24 88 68 eller projekt@sfbs.seS\u00e5 f\u00e5r vi se om du gillar oss ocks\u00e5. &nbsp; &nbsp; &nbsp; &nbsp; ANALYS Vi g\u00e5r igenom era behov och arbetar d\u00e4refter fr\u00e5n fastst\u00e4llda riktlinjer f\u00f6r att&hellip; <br \/> <a class=\"read-more\" href=\"https:\/\/sfbs.se\/\">L\u00e4s mer<\/a><\/p>\n","protected":false},"author":1,"featured_media":0,"parent":0,"menu_order":0,"comment_status":"closed","ping_status":"closed","template":"page-templates\/homepage.php","meta":{"footnotes":""},"class_list":["post-5","page","type-page","status-publish","hentry"],"_links":{"self":[{"href":"https:\/\/sfbs.se\/index.php\/wp-json\/wp\/v2\/pages\/5","targetHints":{"allow":["GET"]}}],"collection":[{"href":"https:\/\/sfbs.se\/index.php\/wp-json\/wp\/v2\/pages"}],"about":[{"href":"https:\/\/sfbs.se\/index.php\/wp-json\/wp\/v2\/types\/page"}],"author":[{"embeddable":true,"href":"https:\/\/sfbs.se\/index.php\/wp-json\/wp\/v2\/users\/1"}],"replies":[{"embeddable":true,"href":"https:\/\/sfbs.se\/index.php\/wp-json\/wp\/v2\/comments?post=5"}],"version-history":[{"count":82,"href":"https:\/\/sfbs.se\/index.php\/wp-json\/wp\/v2\/pages\/5\/revisions"}],"predecessor-version":[{"id":556,"href":"https:\/\/sfbs.se\/index.php\/wp-json\/wp\/v2\/pages\/5\/revisions\/556"}],"wp:attachment":[{"href":"https:\/\/sfbs.se\/index.php\/wp-json\/wp\/v2\/media?parent=5"}],"curies":[{"name":"wp","href":"https:\/\/api.w.org\/{rel}","templated":true}]}}