{"id":207,"date":"2017-11-10T14:08:51","date_gmt":"2017-11-10T14:08:51","guid":{"rendered":"http:\/\/tag_link_site_url\/mesmerize\/"},"modified":"2017-11-10T14:08:51","modified_gmt":"2017-11-10T14:08:51","slug":"mesmerize-2","status":"publish","type":"page","link":"https:\/\/sfbs.se\/index.php\/mesmerize-2\/","title":{"rendered":"Front Page"},"content":{"rendered":"<div  data-label=\"Overlappable\" data-id=\"overlappable--1\" data-export-id=\"overlappable-4\" data-category=\"overlappable\" class=\"overlappable-4 content-section content-section-spacing\" data-overlap=\"true\" id=\"overlappable-1\" style=\"background-color: rgb(255, 255, 255);\"><div  class=\"gridContainer\"> <div  data-type=\"row\" class=\"row spaced-cols text-center\"> <div  class=\"col-xs-12 col-sm-4 col-padding\"> <i  class=\"fa icon shadow-large-black aligncenter color1 fa-list-ol reverse round large\"><\/i> <div  data-type=\"column\" class=\"\"><h5  class=\"\">ANALYS<\/h5> <p  class=\"\">Vi g\u00e5r igenom era behov och arbetar d\u00e4refter fr\u00e5n fastst\u00e4llda riktlinjer f\u00f6r att ge dig b\u00e4sta resultat.<\/p><\/div> <\/div> <div  class=\"col-xs-12 col-sm-4 col-padding\"> <i  class=\"fa icon shadow-large-black aligncenter color1 fa-umbrella reverse round large\"><\/i> <div  data-type=\"column\" class=\"\"><h5  class=\"\">ANSVARSFULLA<\/h5> <p  class=\"\">Vi vill alltid ditt b\u00e4sta. D\u00e4rf\u00f6r utf\u00f6rs v\u00e5ra uppdrag helt enligt r\u00e5dande rekommendationer fr\u00e5n FHS.<\/p><\/div> <\/div><div  class=\"col-xs-12 col-sm-4 col-padding\"> <i  class=\"fa icon shadow-large-black aligncenter color1 fa-smile-o reverse round large\"><\/i> <div  data-type=\"column\" class=\"\"><h5  class=\"\">V\u00c5R PERSONAL<\/h5> <p  class=\"\">Vi bryr oss om v\u00e5r personal. D\u00e4rf\u00f6r har vi kollektivavtal via arbetsgivar-organisationen Almega.<\/p><\/div> <\/div><\/div> <\/div><\/div><div  data-label=\"Om\" data-id=\"about--1\" data-export-id=\"about-10\" data-category=\"about\" class=\"about-10 content-section content-section-spacing\" id=\"om\" style=\"background-color: rgb(245, 250, 253);\"><div  class=\"gridContainer\"> <div  class=\"row middle-sm text-center\"><div  class=\"col-sm-5 space-bottom-xs content-column\" data-type=\"column\">  <h2  class=\"\">Det h\u00e4r \u00e4r<br ><font  face=\"Playfair Display, sans-serif\"><i >St\u00e4d &amp;F\u00f6nsterputsbolaget<\/i><\/font>&nbsp;<\/h2> <p  class=\"\">St\u00e4d &amp; F\u00f6nsterputsbolaget \u00e4r ett modernt st\u00e4df\u00f6retag som erbjuder ett brett urval av professionella st\u00e4dtj\u00e4nster, fr\u00e5n sm\u00e5 uppdrag till helhetsl\u00f6sningar f\u00f6r privatpersoner, f\u00f6retag och offentlig sektor.<br ><br >V\u00e5r lokala n\u00e4rvaro garanterar snabb personlig service och t\u00e4ta intervaller p\u00e5 uppf\u00f6ljningen av utf\u00f6rda arbeten.<br ><br >I dag \u00e4r vi 22 anst\u00e4llda och b\u00e5de f\u00f6retagsledning och medarbetare har m\u00e5nga \u00e5rs erfarenhet i branschen och stort kunnande inom st\u00e4d, golvv\u00e5rd, h\u00f6gh\u00f6jdsst\u00e4dning och f\u00f6nsterputs. Givetvis har vi kollektivavtal, med Fastighetsanst\u00e4lldas f\u00f6rbund, via v\u00e5r arbetsgivarorganisation Almega.<\/p> <\/div> <div  class=\"col-sm-7 flexbox middle-xs center-xs space-bottom-xs\"><div  class=\"overlay-box middle-xs center-xs flexbox\"> <div  class=\"overlay-box-offset offset-border shadow-medium border-color1 hide-xs\"><\/div> <img decoding=\"async\"  class=\"shadow-large\" data-size=\"485x705\" src=\"https:\/\/sfbs.se\/wp-content\/uploads\/2021\/04\/cropped-vacuum-cleaner-268179_1920.jpg\" title=\"cropped-vacuum-cleaner-268179_1920.jpg\" alt=\"\"><\/div> <\/div><\/div> <\/div><\/div><div  data-label=\"Features\" data-id=\"features-16\" data-export-id=\"features-16\" data-category=\"features\" class=\"features-16 content-section content-section-spacing\" id=\"features-9\" style=\"background-color: rgb(245, 250, 253);\"> <div  class=\"gridContainer\"> <div  class=\"row text-center\"> <div  class=\"section-title-col\" data-type=\"column\"> <h2  class=\"\"> Vi gillar dig<\/h2> <p  class=\"lead\"> D\u00e4rf\u00f6r vill vi erbjuda en prova-p\u00e5-st\u00e4dning f\u00f6r endast 150 kr\/tim, efter RUT-avdrag. \n<br >H\u00f6r av dig till oss p\u00e5&nbsp;018-24 88 68 eller info@sfbs.se<br >S\u00e5 f\u00e5r vi se om du gillar oss ocks\u00e5.<\/p> <\/div> <\/div> <div  class=\"row spaced-cols center-sm content-center-sm\" data-type=\"row\">  <div  class=\"col-xs-12 col-sm-6 col-md-4 space-bottom\"> <img decoding=\"async\"  class=\"face\" src=\"https:\/\/sfbs.se\/wp-content\/uploads\/2021\/01\/cropped-cropped-stad-1.png\" title=\"cropped-cropped-stad-1.png\" alt=\"\"> <div  data-type=\"column\" class=\"col-padding-small col-padding-small-xs description-container\">    <\/div> <\/div> <div  class=\"col-xs-12 col-sm-6 col-md-4 space-bottom\"> <a data-cp-link=\"1\" href=\"https:\/\/www.uc.se\/risksigill2?showorg=556485-8206&amp;language=swe\" target=\"_self\" rel=\"noopener\"><img decoding=\"async\"  class=\"face\" src=\"https:\/\/sfbs.se\/wp-content\/uploads\/2021\/01\/sigill.png\" title=\"sigill\" alt=\"\"><\/a> <div  data-type=\"column\" class=\"col-padding-small col-padding-small-xs description-container\">    <\/div> <\/div> <div  class=\"col-xs-12 col-sm-6 col-md-4 space-bottom\"> <img decoding=\"async\"  class=\"face\" src=\"https:\/\/sfbs.se\/wp-content\/uploads\/2021\/01\/cropped-cropped-cropped-stad-2.png\" title=\"cropped-cropped-cropped-stad-2.png\" alt=\"\"> <div  data-type=\"column\" class=\"col-padding-small col-padding-small-xs description-container\">    <\/div> <\/div><\/div> <\/div> <\/div><div  data-label=\"Contact\" data-id=\"contact--1\" data-export-id=\"contact-1\" data-category=\"contact\" class=\"contact-1 content-section content-section-spacing white-text\" data-parallax-depth=\"20\" id=\"contact-1\" style=\"background-color: rgb(255, 255, 255);\"><div  class=\"gridContainer\"> <div  class=\"row text-center\"><div  class=\"section-title-col\" data-type=\"column\"> <h2  class=\"\">Vill du ha en offert?<\/h2> <p  class=\"lead\">Ber\u00e4tta mer f\u00f6r oss i formul\u00e4ret h\u00e4r under s\u00e5 \u00e5terkommer vi till dig s\u00e5 snart vi har m\u00f6jlighet.<\/p><\/div> <\/div> <div  class=\"row text-center\"> <div  class=\"col-xs-12 col-sm-8 col-sm-offset-2 contact-form-wrapper inline-info\"> <div  class=\"card large-padding\"> <div  class=\"\" data-content-shortcode=\"mesmerize_contact_form shortcode=&quot;contact-form-7 id=&amp;amp;quot;30&amp;amp;quot; title=&amp;amp;quot;offert&amp;amp;quot;&quot;\" data-editable=\"true\">[contact-form-7 id=\"30\" title=\"offert\"]<\/div><\/div> <\/div><\/div> <\/div><\/div><div data-label=\"Team\" data-id=\"team--1\" data-export-id=\"team-5\" data-category=\"team\" class=\"team-5 content-section content-section-spacing\" id=\"team-1\"  style=\"background-color: rgb(245, 250, 253);\"><div class=\"gridContainer\" > <div class=\"row text-center\" ><div class=\"section-title-col\" data-type=\"column\" > <h2 class=\"\" >Kontoret<\/h2> <\/div> <\/div> <div class=\"row spaced-cols content-center-sm\" data-type=\"row\" >  <div class=\"col-xs-12 col-sm-6 col-padding col-md-4 \" > <div class=\"row \" > <div data-type=\"column\" class=\"col-xs-12 col-sm-12\" >  <h4 class=\"font-500\" >Roger Hagen<\/h4> <p class=\"italic\" >\u00c4gare\/ekonomi<\/p> <p class=\"\" >070 567 44 02<\/p> <a class=\"link\" href=\"mailto:info@sfbs.se\" target=\"_blank\" data-cp-link=\"1\" rel=\"noopener\">info@sfbs.se<\/a><div class=\"social-icons-group\" data-type=\"group\" > <a href=\"#\" target=\"_self\" data-reiki-hidden=\"true\" rel=\"noopener\"><i class=\"gray fa icon fa-facebook-square\" ><\/i><\/a> <a href=\"#\" target=\"_self\" data-reiki-hidden=\"true\" rel=\"noopener\"><i class=\"gray fa icon fa-twitter-square\" ><\/i><\/a> <a href=\"#\" target=\"_self\" data-reiki-hidden=\"true\" rel=\"noopener\"><i class=\"gray fa icon fa-linkedin-square\" ><\/i><\/a> <a href=\"#\" target=\"_self\" data-reiki-hidden=\"true\" rel=\"noopener\"><i class=\"gray fa icon fa-google-plus-square\" ><\/i><\/a><\/div> <\/div><\/div> <\/div> <div class=\"col-xs-12 col-sm-6 col-padding col-md-4 \" > <div class=\"row \" > <div data-type=\"column\" class=\"col-xs-12 col-sm-12\" >  <h4 class=\"font-500\" >namn<\/h4> <p class=\"italic\" >Admininistration<\/p> <p class=\"\" >xxxx<\/p> <a class=\"link\" href=\"mailto:info@sfbs.se\" target=\"_blank\" data-cp-link=\"1\" rel=\"noopener\">info@sfbs.se<\/a><div class=\"social-icons-group\" data-type=\"group\" > <a href=\"#\" target=\"_self\" data-reiki-hidden=\"true\" rel=\"noopener\"><i class=\"gray fa icon fa-facebook-square\" ><\/i><\/a> <a href=\"#\" target=\"_self\" data-reiki-hidden=\"true\" rel=\"noopener\"><i class=\"gray fa icon fa-twitter-square\" ><\/i><\/a> <a href=\"#\" target=\"_self\" data-reiki-hidden=\"true\" rel=\"noopener\"><i class=\"gray fa icon fa-linkedin-square\" ><\/i><\/a> <a href=\"#\" target=\"_self\" data-reiki-hidden=\"true\" rel=\"noopener\"><i class=\"gray fa icon fa-google-plus-square\" ><\/i><\/a><\/div> <\/div><\/div> <\/div> <div class=\"col-xs-12 col-sm-6 col-padding col-md-4 \" > <div class=\"row \" > <div data-type=\"column\" class=\"col-xs-12 col-sm-12\" >  <h4 class=\"font-500\" >Johnny Gustafsson<\/h4> <p class=\"italic\" >\u00c4gare\/arb.ledare f\u00f6nsterputs<\/p> <p class=\"\" >070 567 44 01<\/p>  <a class=\"link\" href=\"mailto:info@sfbs.se\" target=\"_blank\" data-cp-link=\"1\" rel=\"noopener\">info@sfbs.se<\/a><div class=\"social-icons-group\" data-type=\"group\" > <a href=\"#\" target=\"_self\" data-reiki-hidden=\"true\" rel=\"noopener\"><i class=\"gray fa icon fa-facebook-square\" ><\/i><\/a> <a href=\"#\" target=\"_self\" data-reiki-hidden=\"true\" rel=\"noopener\"><i class=\"gray fa icon fa-twitter-square\" ><\/i><\/a> <a href=\"#\" target=\"_self\" data-reiki-hidden=\"true\" rel=\"noopener\"><i class=\"gray fa icon fa-linkedin-square\" ><\/i><\/a> <a href=\"#\" target=\"_self\" data-reiki-hidden=\"true\" rel=\"noopener\"><i class=\"gray fa icon fa-google-plus-square\" ><\/i><\/a><\/div><\/div><\/div> <\/div>    <\/div> <\/div><\/div>","protected":false},"excerpt":{"rendered":"<p>ANALYS Vi g\u00e5r igenom era behov och arbetar d\u00e4refter fr\u00e5n fastst\u00e4llda riktlinjer f\u00f6r att ge dig b\u00e4sta resultat. ANSVARSFULLA Vi vill alltid ditt b\u00e4sta. D\u00e4rf\u00f6r utf\u00f6rs v\u00e5ra uppdrag helt enligt r\u00e5dande rekommendationer fr\u00e5n FHS. V\u00c5R PERSONAL Vi bryr oss om v\u00e5r personal. D\u00e4rf\u00f6r har vi kollektivavtal via arbetsgivar-organisationen Almega. Det h\u00e4r \u00e4rSt\u00e4d &amp;F\u00f6nsterputsbolaget&nbsp; St\u00e4d &amp;&hellip; <br \/> <a class=\"read-more\" href=\"https:\/\/sfbs.se\/index.php\/mesmerize-2\/\">L\u00e4s mer<\/a><\/p>\n","protected":false},"author":1,"featured_media":0,"parent":0,"menu_order":0,"comment_status":"closed","ping_status":"closed","template":"page-templates\/homepage.php","meta":{"footnotes":""},"class_list":["post-207","page","type-page","status-publish","hentry"],"_links":{"self":[{"href":"https:\/\/sfbs.se\/index.php\/wp-json\/wp\/v2\/pages\/207","targetHints":{"allow":["GET"]}}],"collection":[{"href":"https:\/\/sfbs.se\/index.php\/wp-json\/wp\/v2\/pages"}],"about":[{"href":"https:\/\/sfbs.se\/index.php\/wp-json\/wp\/v2\/types\/page"}],"author":[{"embeddable":true,"href":"https:\/\/sfbs.se\/index.php\/wp-json\/wp\/v2\/users\/1"}],"replies":[{"embeddable":true,"href":"https:\/\/sfbs.se\/index.php\/wp-json\/wp\/v2\/comments?post=207"}],"version-history":[{"count":0,"href":"https:\/\/sfbs.se\/index.php\/wp-json\/wp\/v2\/pages\/207\/revisions"}],"wp:attachment":[{"href":"https:\/\/sfbs.se\/index.php\/wp-json\/wp\/v2\/media?parent=207"}],"curies":[{"name":"wp","href":"https:\/\/api.w.org\/{rel}","templated":true}]}}